{"id":26,"date":"2025-01-29T23:24:08","date_gmt":"2025-01-29T22:24:08","guid":{"rendered":"http:\/\/halvorkjerkreit.no\/?page_id=26"},"modified":"2025-02-01T00:10:24","modified_gmt":"2025-01-31T23:10:24","slug":"cv","status":"publish","type":"page","link":"https:\/\/halvorkjerkreit.no\/?page_id=26","title":{"rendered":"CV"},"content":{"rendered":"\n<p class=\"has-medium-font-size\">Namn: Halvor Kjerkreit<br>F\u00f8dd: 02.08. 1974 i Porsgrunn<br>Sivilstatus: Gift<br>Org.nr.: 984 185 235<br>Adr.: \u00d8rneveien 31, 1640 R\u00c5DE<br>Tlf.: 69 28 26 07 \/ 97 19 76 33<br>E-post: halvor74@hotmail.com<\/p>\n\n\n\n<p class=\"has-medium-font-size\"><br><strong>Stemmefag<\/strong>: Bass-baryton<br><strong>Utdanning:<\/strong><br>1993 \u2013 96: Musikkonservatoriet i Trondheim (hovudinstr. bratsj). Medlem av TrondheimSolistene<br>1996 \u2013 98: Norges Musikkh\u00f8gskole (hovudinstr. bratsj)<br>2004 \u2013 07: Kunsth\u00f8gskolen i Oslo, operautdanninga (l\u00e6rarar: Jan R. S\u00f8dal og Ole J\u00f8rgen<br>Kristiansen)<\/p>\n\n\n\n<p class=\"has-medium-font-size\"><strong>Yrkeserfaring:<\/strong><br>2000 \u2013 2001: Fast stilling som bratsjist i Kristiansand Symfoniorkester<br>2001 \u2013 : Frilansverksemd som songar og bratsjist<\/p>\n\n\n\n<p class=\"has-medium-font-size\"><strong>Heile operaroller framf\u00f8rt med orkester:<\/strong><br>2005: Herr Reich (\u201dDie lustigen Weiber von Windsor\u201d av Nicolai) ved Kunsth\u00f8gskolen i Oslo<br>2006: Don Alfonso (\u201eCosi fan tutte\u201c av Mozart) ved KhiO<br>2006: Jimmy (\u201dMahagonny Songspiel\u201d av Weill) ved KhiO<br>2007: Nardo (\u201dLa finta giardiniera\u201d av Mozart) ved KhiO<br>2007: Simone (\u201dGianni Schicchi\u201d av Puccini) ved Musikkteatret i Trondheim<br>2010: Antonio \u201dLe nozze di Figaro\u201d av Mozart) ved Den Nye Opera, Bergen<br>2010: Bartolo (\u201dBarberen i Sevilla\u201d av Rossini) ved Haugesund Kammeropera<br>2010: Julius C\u00e6sar (\u201dJuluius C\u00e6sar\u201d) ved Billuca Ensemble i Trondheim<br>Heile operaroller framf\u00f8rt med klaver:<br>2007: Count Gil (\u201dSusanna`s Secret\u201d av Wolff-Ferrari) ved KHiO<br>2007: Figaro (\u201cLe nozze di Figaro\u201d av Mozart) ved KhiO, masterrolleparti<br>2009, 2010 og 2011: Germont (\u201dLa Traviata\u201d av Verdi), turnear i Midt-Noreg<br>Understudies:<br>2008: Colline (\u201dLa Boheme\u201d av Puccini) ved Musikkteatret i Trondheim<br>Framf\u00f8rt kyrkjemusikk:<br>J.S.Bach: BWV 4, \u201dChrist lag in Todesbanden\u201d<br>J.S. Bach: Magnificat<br>J.S. Bach: Johannespasjonen (Jesus og Pilatus)<br>J.S. Bach: Messe i h-moll<br>G. F. Handel: Messiah<br>W.A. Mozart: Messe i c-moll<br>W.A. Mozart: Requiem<br>Rossini: Petite Messe Solenelle<br>J. Brahms: \u201cEin deutsches Requiem\u201d<br>Grieg: Fire salmer<br>Richard Einhorn: \u201cVoices of Light\u201d<\/p>\n\n\n\n<p class=\"has-medium-font-size\"><strong>Solistoppdrag med:<\/strong><br>Forsvarets Stabsmusikkorps (\u201dKarpedammen, 2007)<br>Telemark Kammerorkester, 2001<br>Grenland Symfoniorkester, 2005<br>Sn\u00e5sa Orkesterforening, 2004 og 2006<br>Steinkjer Mannssangforening, 2005<br>Steinkjer Janitsjar, 2005<br>Steinkjer Kammerkor, 2006, 2009<br>Namsos Kammerkor, 2007<br>Namsos Sangforening, 2008<br>Ullern Kammerkor, 2008<br>Nidaros Domkor og TrondheimSolistene, 2008<br>V\u00e6rnes Kammerkor, 2008<br>Lillehammer Byorkester, 2008<br>Nesodden Sangkor, 2009<br>Ullern Kammerkor og Romerike Symf.ork., 2010<br>Borg Domkor, 2010<br>Stavanger domkirkes kammerkor, 2011<br>Oslo domkor, 2011<\/p>\n\n\n\n<p class=\"has-medium-font-size\"><strong>Masterclasses hos:<\/strong><br>Kiri Te Kanawa, Yvonne Kenny og Karan Armstrong.<\/p>\n\n\n\n<p><\/p>\n","protected":false},"excerpt":{"rendered":"<p>Namn: Halvor KjerkreitF\u00f8dd: 02.08. 1974 i PorsgrunnSivilstatus: GiftOrg.nr.: 984 185 235Adr.: \u00d8rneveien 31, 1640 R\u00c5DETlf.: 69 28 26 07 \/ [&hellip;]<\/p>\n","protected":false},"author":2,"featured_media":0,"parent":0,"menu_order":0,"comment_status":"closed","ping_status":"closed","template":"","meta":{"_uag_custom_page_level_css":"","site-sidebar-layout":"default","site-content-layout":"","ast-site-content-layout":"","site-content-style":"default","site-sidebar-style":"default","ast-global-header-display":"","ast-banner-title-visibility":"","ast-main-header-display":"","ast-hfb-above-header-display":"","ast-hfb-below-header-display":"","ast-hfb-mobile-header-display":"","site-post-title":"","ast-breadcrumbs-content":"","ast-featured-img":"","footer-sml-layout":"","theme-transparent-header-meta":"","adv-header-id-meta":"","stick-header-meta":"","header-above-stick-meta":"","header-main-stick-meta":"","header-below-stick-meta":"","astra-migrate-meta-layouts":"default","ast-page-background-enabled":"default","ast-page-background-meta":{"desktop":{"background-color":"var(--ast-global-color-4)","background-image":"","background-repeat":"repeat","background-position":"center center","background-size":"auto","background-attachment":"scroll","background-type":"","background-media":"","overlay-type":"","overlay-color":"","overlay-opacity":"","overlay-gradient":""},"tablet":{"background-color":"","background-image":"","background-repeat":"repeat","background-position":"center center","background-size":"auto","background-attachment":"scroll","background-type":"","background-media":"","overlay-type":"","overlay-color":"","overlay-opacity":"","overlay-gradient":""},"mobile":{"background-color":"","background-image":"","background-repeat":"repeat","background-position":"center center","background-size":"auto","background-attachment":"scroll","background-type":"","background-media":"","overlay-type":"","overlay-color":"","overlay-opacity":"","overlay-gradient":""}},"ast-content-background-meta":{"desktop":{"background-color":"var(--ast-global-color-5)","background-image":"","background-repeat":"repeat","background-position":"center center","background-size":"auto","background-attachment":"scroll","background-type":"","background-media":"","overlay-type":"","overlay-color":"","overlay-opacity":"","overlay-gradient":""},"tablet":{"background-color":"var(--ast-global-color-5)","background-image":"","background-repeat":"repeat","background-position":"center center","background-size":"auto","background-attachment":"scroll","background-type":"","background-media":"","overlay-type":"","overlay-color":"","overlay-opacity":"","overlay-gradient":""},"mobile":{"background-color":"var(--ast-global-color-5)","background-image":"","background-repeat":"repeat","background-position":"center center","background-size":"auto","background-attachment":"scroll","background-type":"","background-media":"","overlay-type":"","overlay-color":"","overlay-opacity":"","overlay-gradient":""}},"footnotes":""},"class_list":["post-26","page","type-page","status-publish","hentry"],"uagb_featured_image_src":{"full":false,"thumbnail":false,"medium":false,"medium_large":false,"large":false,"1536x1536":false,"2048x2048":false},"uagb_author_info":{"display_name":"Harald Roer","author_link":"https:\/\/halvorkjerkreit.no\/?author=2"},"uagb_comment_info":0,"uagb_excerpt":"Namn: Halvor KjerkreitF\u00f8dd: 02.08. 1974 i PorsgrunnSivilstatus: GiftOrg.nr.: 984 185 235Adr.: \u00d8rneveien 31, 1640 R\u00c5DETlf.: 69 28 26 07 \/ [&hellip;]","_links":{"self":[{"href":"https:\/\/halvorkjerkreit.no\/index.php?rest_route=\/wp\/v2\/pages\/26","targetHints":{"allow":["GET"]}}],"collection":[{"href":"https:\/\/halvorkjerkreit.no\/index.php?rest_route=\/wp\/v2\/pages"}],"about":[{"href":"https:\/\/halvorkjerkreit.no\/index.php?rest_route=\/wp\/v2\/types\/page"}],"author":[{"embeddable":true,"href":"https:\/\/halvorkjerkreit.no\/index.php?rest_route=\/wp\/v2\/users\/2"}],"replies":[{"embeddable":true,"href":"https:\/\/halvorkjerkreit.no\/index.php?rest_route=%2Fwp%2Fv2%2Fcomments&post=26"}],"version-history":[{"count":3,"href":"https:\/\/halvorkjerkreit.no\/index.php?rest_route=\/wp\/v2\/pages\/26\/revisions"}],"predecessor-version":[{"id":39,"href":"https:\/\/halvorkjerkreit.no\/index.php?rest_route=\/wp\/v2\/pages\/26\/revisions\/39"}],"wp:attachment":[{"href":"https:\/\/halvorkjerkreit.no\/index.php?rest_route=%2Fwp%2Fv2%2Fmedia&parent=26"}],"curies":[{"name":"wp","href":"https:\/\/api.w.org\/{rel}","templated":true}]}}